{"id":730,"date":"2018-01-19T13:36:07","date_gmt":"2018-01-19T16:36:07","guid":{"rendered":"https:\/\/weareboat.com\/?page_id=730"},"modified":"2018-08-22T16:26:47","modified_gmt":"2018-08-22T19:26:47","slug":"inicio","status":"publish","type":"page","link":"https:\/\/weareboat.com\/en\/","title":{"rendered":"Home"},"content":{"rendered":"<p>[et_pb_section bb_built=&#8221;1&#8243; background_color=&#8221;rgba(27,53,66,0.63)&#8221; fullwidth=&#8221;on&#8221; _builder_version=&#8221;3.0.105&#8243; background_image=&#8221;https:\/\/weareboat.com\/wp-content\/uploads\/2018\/02\/Soluciones.jpg&#8221; background_video_mp4=&#8221;https:\/\/weareboat.com\/video\/home_boat.mp4&#8243; background_video_webm=&#8221;https:\/\/weareboat.com\/video\/home_boat.webm&#8221; background_blend=&#8221;multiply&#8221; next_background_color=&#8221;#57b0ba&#8221;][et_pb_fullwidth_header background_layout=&#8221;dark&#8221; text_orientation=&#8221;center&#8221; header_fullscreen=&#8221;on&#8221; header_scroll_down=&#8221;on&#8221; scroll_down_icon=&#8221;%%1%%&#8221; _builder_version=&#8221;3.0.98&#8243; title_font=&#8221;||||||||&#8221; title_font_size=&#8221;41px&#8221; content_font=&#8221;||||||||&#8221; content_line_height_last_edited=&#8221;on|phone&#8221; animation_style=&#8221;fade&#8221; animation_duration=&#8221;2000ms&#8221; animation_delay=&#8221;2350ms&#8221; background_color=&#8221;rgba(255, 255, 255, 0)&#8221;]<\/p>\n<h2 style=\"text-align: center;\"><span style=\"font-size: 55px; color: #f5d010; padding: 2px 8px; font-weight: 200; line-height: 1.5em;\">inspiring research<\/span><\/h2>\n<p>[\/et_pb_fullwidth_header][\/et_pb_section][et_pb_section bb_built=&#8221;1&#8243; background_color=&#8221;#57b0ba&#8221; _builder_version=&#8221;3.0.98&#8243; custom_padding=&#8221;70px||70px|&#8221; prev_background_color=&#8221;rgba(27,53,66,0.63)&#8221; next_background_color=&#8221;#ffffff&#8221;][et_pb_row _builder_version=&#8221;3.0.98&#8243;][et_pb_column type=&#8221;4_4&#8243;][et_pb_text background_layout=&#8221;dark&#8221; _builder_version=&#8221;3.12.2&#8243; custom_padding=&#8221;|||&#8221;]<\/p>\n<h3 style=\"text-align: center;\">Tell us about your future project<\/h3>\n<p>[\/et_pb_text][et_pb_button button_url=&#8221;\/contact&#8221; button_text=&#8221;let\u2019s get started&#8221; button_alignment=&#8221;center&#8221; _builder_version=&#8221;3.12.2&#8243; custom_margin=&#8221;|||&#8221; custom_padding=&#8221;|||&#8221; \/][\/et_pb_column][\/et_pb_row][\/et_pb_section][et_pb_section bb_built=&#8221;1&#8243; _builder_version=&#8221;3.0.98&#8243; custom_margin=&#8221;50px|||&#8221; custom_padding=&#8221;|||&#8221; prev_background_color=&#8221;#57b0ba&#8221;][et_pb_row _builder_version=&#8221;3.0.93&#8243;][et_pb_column type=&#8221;4_4&#8243;][et_pb_text _builder_version=&#8221;3.12.2&#8243;]<\/p>\n<h3 style=\"text-align: center;\">Last News<\/h3>\n<p>[\/et_pb_text][et_pb_blog fullwidth=&#8221;off&#8221; posts_number=&#8221;3&#8243; show_author=&#8221;off&#8221; show_categories=&#8221;off&#8221; show_pagination=&#8221;off&#8221; offset_number=&#8221;0&#8243; use_overlay=&#8221;on&#8221; overlay_icon_color=&#8221;#ffffff&#8221; hover_overlay_color=&#8221;rgba(245,208,16,0.85)&#8221; hover_icon=&#8221;%%133%%&#8221; _builder_version=&#8221;3.0.93&#8243; header_font=&#8221;|300|||||||&#8221; header_font_size=&#8221;26px&#8221; meta_font=&#8221;||||||||&#8221; meta_text_color=&#8221;#cecece&#8221; border_width_all=&#8221;0px&#8221; box_shadow_style=&#8221;preset1&#8243; box_shadow_vertical=&#8221;1px&#8221; box_shadow_blur=&#8221;5px&#8221; box_shadow_color=&#8221;rgba(0,0,0,.1)&#8221; use_dropshadow=&#8221;on&#8221; box_shadow_horizontal=&#8221;0px&#8221; box_shadow_spread=&#8221;0px&#8221; \/][\/et_pb_column][\/et_pb_row][\/et_pb_section]<\/p>\n","protected":false},"excerpt":{"rendered":"<p>inspiring research Tell us about your future project Last News<\/p>\n","protected":false},"author":1,"featured_media":0,"parent":0,"menu_order":0,"comment_status":"closed","ping_status":"closed","template":"","meta":{"_et_pb_use_builder":"on","_et_pb_old_content":"","_et_gb_content_width":"","_exactmetrics_skip_tracking":false,"_exactmetrics_sitenote_active":false,"_exactmetrics_sitenote_note":"","_exactmetrics_sitenote_category":0,"footnotes":""},"class_list":["post-730","page","type-page","status-publish","hentry"],"yoast_head":"<!-- This site is optimized with the Yoast SEO plugin v24.9 - https:\/\/yoast.com\/wordpress\/plugins\/seo\/ -->\n<title>Boat - Inspiring Research<\/title>\n<meta name=\"description\" content=\"Agilidad, estrategia e inspiraci\u00f3n. Hoy las marcas necesitan contar con informaci\u00f3n \u00e1gil y precisa para tomar decisiones. Ayudamos a acceder a la investigaci\u00f3n estrat\u00e9gica que detecte, monitoree y potencie consumer insights para hallar oportunidades de crecimiento.\" \/>\n<meta name=\"robots\" content=\"index, follow, max-snippet:-1, max-image-preview:large, max-video-preview:-1\" \/>\n<link rel=\"canonical\" href=\"https:\/\/weareboat.com\/en\/\" \/>\n<meta property=\"og:locale\" content=\"en_US\" \/>\n<meta property=\"og:type\" content=\"article\" \/>\n<meta property=\"og:title\" content=\"Boat. Inspiring Research\" \/>\n<meta property=\"og:description\" content=\"Agilidad, estrategia e inspiraci\u00f3n. Hoy las marcas necesitan contar con informaci\u00f3n \u00e1gil y precisa para tomar decisiones. Ayudamos a acceder a la investigaci\u00f3n estrat\u00e9gica que detecte, monitoree y potencie consumer insights para hallar oportunidades de crecimiento.\" \/>\n<meta property=\"og:url\" content=\"https:\/\/weareboat.com\/en\/\" \/>\n<meta property=\"og:site_name\" content=\"Boat\" \/>\n<meta property=\"article:publisher\" content=\"https:\/\/www.facebook.com\/BoatResearch\/\" \/>\n<meta property=\"article:modified_time\" content=\"2018-08-22T19:26:47+00:00\" \/>\n<meta property=\"og:image\" content=\"https:\/\/weareboat.com\/wp-content\/uploads\/2018\/02\/Soluciones.jpg\" \/>\n\t<meta property=\"og:image:width\" content=\"1800\" \/>\n\t<meta property=\"og:image:height\" content=\"1141\" \/>\n\t<meta property=\"og:image:type\" content=\"image\/jpeg\" \/>\n<meta name=\"twitter:card\" content=\"summary_large_image\" \/>\n<meta name=\"twitter:title\" content=\"Boat. Inspiring Research\" \/>\n<meta name=\"twitter:description\" content=\"Agilidad, estrategia e inspiraci\u00f3n. Hoy las marcas necesitan contar con informaci\u00f3n \u00e1gil y precisa para tomar decisiones. Ayudamos a acceder a la investigaci\u00f3n estrat\u00e9gica que detecte, monitoree y potencie consumer insights para hallar oportunidades de crecimiento.\" \/>\n<meta name=\"twitter:image\" content=\"https:\/\/weareboat.com\/wp-content\/uploads\/2018\/02\/Soluciones.jpg\" \/>\n<meta name=\"twitter:site\" content=\"@Boat_Research\" \/>\n<meta name=\"twitter:label1\" content=\"Est. reading time\" \/>\n\t<meta name=\"twitter:data1\" content=\"2 minutes\" \/>\n<script type=\"application\/ld+json\" class=\"yoast-schema-graph\">{\"@context\":\"https:\/\/schema.org\",\"@graph\":[{\"@type\":\"WebPage\",\"@id\":\"https:\/\/weareboat.com\/en\/\",\"url\":\"https:\/\/weareboat.com\/en\/\",\"name\":\"Boat - Inspiring Research\",\"isPartOf\":{\"@id\":\"https:\/\/weareboat.com\/#website\"},\"datePublished\":\"2018-01-19T16:36:07+00:00\",\"dateModified\":\"2018-08-22T19:26:47+00:00\",\"description\":\"Agilidad, estrategia e inspiraci\u00f3n. Hoy las marcas necesitan contar con informaci\u00f3n \u00e1gil y precisa para tomar decisiones. Ayudamos a acceder a la investigaci\u00f3n estrat\u00e9gica que detecte, monitoree y potencie consumer insights para hallar oportunidades de crecimiento.\",\"breadcrumb\":{\"@id\":\"https:\/\/weareboat.com\/en\/#breadcrumb\"},\"inLanguage\":\"en-US\",\"potentialAction\":[{\"@type\":\"ReadAction\",\"target\":[\"https:\/\/weareboat.com\/en\/\"]}]},{\"@type\":\"BreadcrumbList\",\"@id\":\"https:\/\/weareboat.com\/en\/#breadcrumb\",\"itemListElement\":[{\"@type\":\"ListItem\",\"position\":1,\"name\":\"Portada\",\"item\":\"https:\/\/weareboat.com\/en\/\"},{\"@type\":\"ListItem\",\"position\":2,\"name\":\"Home\"}]},{\"@type\":\"WebSite\",\"@id\":\"https:\/\/weareboat.com\/#website\",\"url\":\"https:\/\/weareboat.com\/\",\"name\":\"Boat\",\"description\":\"Inspiring Research\",\"publisher\":{\"@id\":\"https:\/\/weareboat.com\/#organization\"},\"potentialAction\":[{\"@type\":\"SearchAction\",\"target\":{\"@type\":\"EntryPoint\",\"urlTemplate\":\"https:\/\/weareboat.com\/?s={search_term_string}\"},\"query-input\":{\"@type\":\"PropertyValueSpecification\",\"valueRequired\":true,\"valueName\":\"search_term_string\"}}],\"inLanguage\":\"en-US\"},{\"@type\":\"Organization\",\"@id\":\"https:\/\/weareboat.com\/#organization\",\"name\":\"Boat\",\"url\":\"https:\/\/weareboat.com\/\",\"logo\":{\"@type\":\"ImageObject\",\"inLanguage\":\"en-US\",\"@id\":\"https:\/\/weareboat.com\/#\/schema\/logo\/image\/\",\"url\":\"https:\/\/weareboat.com\/wp-content\/uploads\/2018\/06\/Logo_Boat_FBlanco.png\",\"contentUrl\":\"https:\/\/weareboat.com\/wp-content\/uploads\/2018\/06\/Logo_Boat_FBlanco.png\",\"width\":500,\"height\":300,\"caption\":\"Boat\"},\"image\":{\"@id\":\"https:\/\/weareboat.com\/#\/schema\/logo\/image\/\"},\"sameAs\":[\"https:\/\/www.facebook.com\/BoatResearch\/\",\"https:\/\/x.com\/Boat_Research\",\"https:\/\/www.instagram.com\/Boat_Research\/\",\"https:\/\/www.linkedin.com\/boat-research\/\"]}]}<\/script>\n<!-- \/ Yoast SEO plugin. -->","yoast_head_json":{"title":"Boat - Inspiring Research","description":"Agilidad, estrategia e inspiraci\u00f3n. Hoy las marcas necesitan contar con informaci\u00f3n \u00e1gil y precisa para tomar decisiones. Ayudamos a acceder a la investigaci\u00f3n estrat\u00e9gica que detecte, monitoree y potencie consumer insights para hallar oportunidades de crecimiento.","robots":{"index":"index","follow":"follow","max-snippet":"max-snippet:-1","max-image-preview":"max-image-preview:large","max-video-preview":"max-video-preview:-1"},"canonical":"https:\/\/weareboat.com\/en\/","og_locale":"en_US","og_type":"article","og_title":"Boat. Inspiring Research","og_description":"Agilidad, estrategia e inspiraci\u00f3n. Hoy las marcas necesitan contar con informaci\u00f3n \u00e1gil y precisa para tomar decisiones. Ayudamos a acceder a la investigaci\u00f3n estrat\u00e9gica que detecte, monitoree y potencie consumer insights para hallar oportunidades de crecimiento.","og_url":"https:\/\/weareboat.com\/en\/","og_site_name":"Boat","article_publisher":"https:\/\/www.facebook.com\/BoatResearch\/","article_modified_time":"2018-08-22T19:26:47+00:00","og_image":[{"width":1800,"height":1141,"url":"https:\/\/weareboat.com\/wp-content\/uploads\/2018\/02\/Soluciones.jpg","type":"image\/jpeg"}],"twitter_card":"summary_large_image","twitter_title":"Boat. Inspiring Research","twitter_description":"Agilidad, estrategia e inspiraci\u00f3n. Hoy las marcas necesitan contar con informaci\u00f3n \u00e1gil y precisa para tomar decisiones. Ayudamos a acceder a la investigaci\u00f3n estrat\u00e9gica que detecte, monitoree y potencie consumer insights para hallar oportunidades de crecimiento.","twitter_image":"https:\/\/weareboat.com\/wp-content\/uploads\/2018\/02\/Soluciones.jpg","twitter_site":"@Boat_Research","twitter_misc":{"Est. reading time":"2 minutes"},"schema":{"@context":"https:\/\/schema.org","@graph":[{"@type":"WebPage","@id":"https:\/\/weareboat.com\/en\/","url":"https:\/\/weareboat.com\/en\/","name":"Boat - Inspiring Research","isPartOf":{"@id":"https:\/\/weareboat.com\/#website"},"datePublished":"2018-01-19T16:36:07+00:00","dateModified":"2018-08-22T19:26:47+00:00","description":"Agilidad, estrategia e inspiraci\u00f3n. Hoy las marcas necesitan contar con informaci\u00f3n \u00e1gil y precisa para tomar decisiones. Ayudamos a acceder a la investigaci\u00f3n estrat\u00e9gica que detecte, monitoree y potencie consumer insights para hallar oportunidades de crecimiento.","breadcrumb":{"@id":"https:\/\/weareboat.com\/en\/#breadcrumb"},"inLanguage":"en-US","potentialAction":[{"@type":"ReadAction","target":["https:\/\/weareboat.com\/en\/"]}]},{"@type":"BreadcrumbList","@id":"https:\/\/weareboat.com\/en\/#breadcrumb","itemListElement":[{"@type":"ListItem","position":1,"name":"Portada","item":"https:\/\/weareboat.com\/en\/"},{"@type":"ListItem","position":2,"name":"Home"}]},{"@type":"WebSite","@id":"https:\/\/weareboat.com\/#website","url":"https:\/\/weareboat.com\/","name":"Boat","description":"Inspiring Research","publisher":{"@id":"https:\/\/weareboat.com\/#organization"},"potentialAction":[{"@type":"SearchAction","target":{"@type":"EntryPoint","urlTemplate":"https:\/\/weareboat.com\/?s={search_term_string}"},"query-input":{"@type":"PropertyValueSpecification","valueRequired":true,"valueName":"search_term_string"}}],"inLanguage":"en-US"},{"@type":"Organization","@id":"https:\/\/weareboat.com\/#organization","name":"Boat","url":"https:\/\/weareboat.com\/","logo":{"@type":"ImageObject","inLanguage":"en-US","@id":"https:\/\/weareboat.com\/#\/schema\/logo\/image\/","url":"https:\/\/weareboat.com\/wp-content\/uploads\/2018\/06\/Logo_Boat_FBlanco.png","contentUrl":"https:\/\/weareboat.com\/wp-content\/uploads\/2018\/06\/Logo_Boat_FBlanco.png","width":500,"height":300,"caption":"Boat"},"image":{"@id":"https:\/\/weareboat.com\/#\/schema\/logo\/image\/"},"sameAs":["https:\/\/www.facebook.com\/BoatResearch\/","https:\/\/x.com\/Boat_Research","https:\/\/www.instagram.com\/Boat_Research\/","https:\/\/www.linkedin.com\/boat-research\/"]}]}},"_links":{"self":[{"href":"https:\/\/weareboat.com\/en\/wp-json\/wp\/v2\/pages\/730\/"}],"collection":[{"href":"https:\/\/weareboat.com\/en\/wp-json\/wp\/v2\/pages\/"}],"about":[{"href":"https:\/\/weareboat.com\/en\/wp-json\/wp\/v2\/types\/page\/"}],"author":[{"embeddable":true,"href":"https:\/\/weareboat.com\/en\/wp-json\/wp\/v2\/users\/1\/"}],"replies":[{"embeddable":true,"href":"https:\/\/weareboat.com\/en\/wp-json\/wp\/v2\/comments\/?post=730"}],"version-history":[{"count":5,"href":"https:\/\/weareboat.com\/en\/wp-json\/wp\/v2\/pages\/730\/revisions\/"}],"predecessor-version":[{"id":771,"href":"https:\/\/weareboat.com\/en\/wp-json\/wp\/v2\/pages\/730\/revisions\/771\/"}],"wp:attachment":[{"href":"https:\/\/weareboat.com\/en\/wp-json\/wp\/v2\/media\/?parent=730"}],"curies":[{"name":"wp","href":"https:\/\/api.w.org\/{rel}","templated":true}]}}